{"id":7215,"date":"2013-12-31T10:56:09","date_gmt":"2013-12-31T10:56:09","guid":{"rendered":"http:\/\/yellowpages.az\/?page_id=7215"},"modified":"2019-05-10T14:42:10","modified_gmt":"2019-05-10T10:42:10","slug":"about-yellow-pages","status":"publish","type":"page","link":"https:\/\/yellowpages.az\/Az\/about-yellow-pages\/","title":{"rendered":"Yellow Pages Haqq\u0131nda"},"content":{"rendered":"<p><\/p>\n<h1>Yellow Pages<\/h1>\n<p>M\u00fc\u0259ssis\u0259l\u0259r v\u0259 t\u0259\u015fkilatlar haqq\u0131nda AB\u015e-dan g\u0259l\u0259n telefon kitab\u00e7alar\u0131n\u0131n adlar\u0131 (\u0259sas\u0259n xidm\u0259t sektorunda f\u0259aliyy\u0259t g\u00f6st\u0259r\u0259n).<\/p>\n<p>M\u0259lumatlar \u0259sas\u0259n g\u00f6st\u0259ril\u0259n xidm\u0259tl\u0259rin ad\u0131na uy\u011fun olaraq siyah\u0131ya al\u0131nm\u0131\u015fd\u0131r (&#8230; X\u0259st\u0259xanalar, Otell\u0259r, Ev, Hidravlik, Hidroponika, Buz, M\u0259lumat, \u0130zolyasiya, S\u0131\u011forta &#8230;).<\/p>\n<p>Kitab\u0131n ad\u0131 bir \u0259srd\u0259n art\u0131qd\u0131r ki, sar\u0131 ka\u011f\u0131z \u00fcz\u0259rin\u0259 \u00e7ap olundu\u011fu \u00fc\u00e7\u00fcn bel\u0259 adlan\u0131r (a\u011f r\u0259ng \u00f6z\u0259l n\u00f6mr\u0259l\u0259r \u00fc\u00e7\u00fcn, mavi is\u0259 d\u00f6vl\u0259t m\u00fc\u0259ssis\u0259l\u0259ri v\u0259 s. \u00fc\u00e7\u00fcn istifad\u0259 olunur)<\/p>\n<p>\u0130nternetin f\u0259aliyy\u0259t\u0259 ba\u015flamas\u0131 n\u0259tic\u0259sind\u0259 \u201cSar\u0131 s\u0259hif\u0259l\u0259r\u201d termini art\u0131q onlayn f\u0259aliyy\u0259t g\u00f6st\u0259rm\u0259y\u0259 ba\u015flay\u0131b.<\/p>\n<p>Az\u0259rbaycan Respublikas\u0131n\u0131n qanunvericiliyin\u0259 \u0259sas\u0259n \u201cTicar\u0259t markalar\u0131, xidm\u0259t markalar\u0131 v\u0259 m\u0259n\u015f\u0259\u0259 namiz\u0259dlikl\u0259ri haqq\u0131mda\u201d \u201cSar\u0131 s\u0259hif\u0259l\u0259r\u201d \u0259mt\u0259\u0259 ni\u015fan\u0131na istinad edir. Buna g\u00f6r\u0259 d\u0259 yaln\u0131z\u00a0\u00a0 Yellow Pages bu termind\u0259n istifad\u0259 etm\u0259k h\u00fcququna malikdir.<\/p>\n<p>1886-c\u0131 ild\u0259 Reuben Hamilton Donelli (ing. Reuben Hamilton Donnelley) Vayominqd\u0259 (AB\u015e) q\u0259na\u0259t etm\u0259k m\u0259qs\u0259di il\u0259 ucuz sar\u0131 ka\u011f\u0131z istifad\u0259 ed\u0259r\u0259k telefon kitab\u00e7as\u0131 \u00e7ap etmi\u015fdir. Bununla da \u201csar\u0131 s\u0259hif\u0259l\u0259r\u201d prototipini yaratm\u0131\u015fd\u0131r.<\/p>\n<p>2003-c\u00fc ild\u0259 Az\u0259rbaycanda Yellow Pages internet s\u0259hif\u0259si yarad\u0131lm\u0131\u015fd\u0131r. 2000-ci ill\u0259rin \u0259vv\u0259ll\u0259rind\u0259 mobil qur\u011fular\u0131n proqramla\u015fd\u0131r\u0131lmas\u0131 proqramla\u015fd\u0131r\u0131lm\u0131\u015f mobil qur\u011fular n\u0259tic\u0259sind\u0259 \u201cYellow Pages\u201d sistemini telefonlar \u00fc\u00e7\u00fcn d\u0259 istifad\u0259 etm\u0259k imkan\u0131 yaranm\u0131\u015fd\u0131.<\/p>\n<p>2005-ci ild\u0259 yellowpages.az portal\u0131 pulsuz CRM sisteml\u0259 f\u0259aliyy\u0259t g\u00f6st\u0259rm\u0259 imkan\u0131 qazanm\u0131\u015f v\u0259 bazadan al\u0131\u015f m\u0259lumatlar\u0131 imkan\u0131n\u0131 \u0259ld\u0259 etmi\u015fdir.<\/p>","protected":false},"excerpt":{"rendered":"<p>Yellow Pages M\u00fc\u0259ssis\u0259l\u0259r v\u0259 t\u0259\u015fkilatlar haqq\u0131nda AB\u015e-dan g\u0259l\u0259n telefon kitab\u00e7alar\u0131n\u0131n adlar\u0131 (\u0259sas\u0259n xidm\u0259t sektorunda f\u0259aliyy\u0259t g\u00f6st\u0259r\u0259n). M\u0259lumatlar \u0259sas\u0259n g\u00f6st\u0259ril\u0259n xidm\u0259tl\u0259rin ad\u0131na uy\u011fun olaraq siyah\u0131ya al\u0131nm\u0131\u015fd\u0131r (&#8230; X\u0259st\u0259xanalar, Otell\u0259r, Ev, Hidravlik, Hidroponika, Buz, M\u0259lumat, \u0130zolyasiya, S\u0131\u011forta &#8230;). Kitab\u0131n ad\u0131 bir \u0259srd\u0259n art\u0131qd\u0131r ki, sar\u0131 ka\u011f\u0131z \u00fcz\u0259rin\u0259 \u00e7ap olundu\u011fu \u00fc\u00e7\u00fcn bel\u0259 adlan\u0131r (a\u011f r\u0259ng \u00f6z\u0259l n\u00f6mr\u0259l\u0259r \u00fc\u00e7\u00fcn, [&hellip;]<\/p>\n","protected":false},"author":1,"featured_media":0,"parent":0,"menu_order":0,"comment_status":"open","ping_status":"open","template":"","meta":[],"_links":{"self":[{"href":"https:\/\/yellowpages.az\/Az\/wp-json\/wp\/v2\/pages\/7215"}],"collection":[{"href":"https:\/\/yellowpages.az\/Az\/wp-json\/wp\/v2\/pages"}],"about":[{"href":"https:\/\/yellowpages.az\/Az\/wp-json\/wp\/v2\/types\/page"}],"author":[{"embeddable":true,"href":"https:\/\/yellowpages.az\/Az\/wp-json\/wp\/v2\/users\/1"}],"replies":[{"embeddable":true,"href":"https:\/\/yellowpages.az\/Az\/wp-json\/wp\/v2\/comments?post=7215"}],"version-history":[{"count":5,"href":"https:\/\/yellowpages.az\/Az\/wp-json\/wp\/v2\/pages\/7215\/revisions"}],"predecessor-version":[{"id":10898,"href":"https:\/\/yellowpages.az\/Az\/wp-json\/wp\/v2\/pages\/7215\/revisions\/10898"}],"wp:attachment":[{"href":"https:\/\/yellowpages.az\/Az\/wp-json\/wp\/v2\/media?parent=7215"}],"curies":[{"name":"wp","href":"https:\/\/api.w.org\/{rel}","templated":true}]}}